{"id":2607,"date":"2017-08-24T17:59:53","date_gmt":"2017-08-24T15:59:53","guid":{"rendered":"https:\/\/factory-se.com\/information-utiles\/?lang=en"},"modified":"2023-12-12T13:32:23","modified_gmt":"2023-12-12T12:32:23","slug":"information-utiles","status":"publish","type":"page","link":"https:\/\/factory-se.com\/en\/information-utiles\/","title":{"rendered":"Helpful information"},"content":{"rendered":"<div id=\"pl-2607\"  class=\"panel-layout\" ><div id=\"pg-2607-0\"  class=\"panel-grid panel-no-style\" ><div id=\"pgc-2607-0-0\"  class=\"panel-grid-cell panel-grid-cell-empty\" ><\/div><div id=\"pgc-2607-0-1\"  class=\"panel-grid-cell\" ><div id=\"panel-2607-0-1-0\" class=\"so-panel widget widget_sow-google-map panel-first-child panel-last-child\" data-index=\"0\" ><div\n\t\t\t\n\t\t\tclass=\"so-widget-sow-google-map so-widget-sow-google-map-default-6b23895f316e-2607\"\n\t\t\t\n\t\t>\n<div class=\"sow-google-map-canvas\"\n\tstyle=\"\"\n\tid=\"map-canvas-6deaed12b0ffc97ab825509a39cacd1e\"\n\tdata-options=\"{&quot;address&quot;:&quot;4 RUE DE LA PYRAMIDE\\n92100 Boulogne Billancourt \\n&quot;,&quot;zoom&quot;:12,&quot;mobileZoom&quot;:12,&quot;gestureHandling&quot;:&quot;greedy&quot;,&quot;disableUi&quot;:false,&quot;markerIcon&quot;:false,&quot;markersDraggable&quot;:false,&quot;markerAtCenter&quot;:true,&quot;markerInfoDisplay&quot;:&quot;click&quot;,&quot;markerInfoMultiple&quot;:true,&quot;markerPositions&quot;:false,&quot;mapName&quot;:false,&quot;mapStyles&quot;:false,&quot;directions&quot;:&quot;&quot;,&quot;apiKey&quot;:&quot;AIzaSyC2r9jZVV4inL4fSAgJmidQNb_skzyOzy0&quot;,&quot;breakpoint&quot;:780,&quot;id&quot;:&quot;69e5f3&quot;}\"\n\tdata-fallback-image=\"{&quot;img&quot;:&quot;&quot;}\"><\/div>\n<\/div><\/div><\/div><div id=\"pgc-2607-0-2\"  class=\"panel-grid-cell panel-grid-cell-mobile-last\" ><div id=\"panel-2607-0-2-0\" class=\"so-panel widget widget_simpleimage panel-first-child\" data-index=\"1\" >\n\n\n<div class=\"post-thumbnail\">\n\t<img width=\"640\" height=\"224\" src=\"https:\/\/factory-se.com\/wp-content\/uploads\/2017\/08\/Logo_FactorySE_CMYK_W-640x224.jpg\" class=\"attachment-medium size-medium\" alt=\"\" srcset=\"https:\/\/factory-se.com\/wp-content\/uploads\/2017\/08\/Logo_FactorySE_CMYK_W-640x224.jpg 640w, https:\/\/factory-se.com\/wp-content\/uploads\/2017\/08\/Logo_FactorySE_CMYK_W-350x122.jpg 350w, https:\/\/factory-se.com\/wp-content\/uploads\/2017\/08\/Logo_FactorySE_CMYK_W-768x269.jpg 768w, https:\/\/factory-se.com\/wp-content\/uploads\/2017\/08\/Logo_FactorySE_CMYK_W-1024x358.jpg 1024w, https:\/\/factory-se.com\/wp-content\/uploads\/2017\/08\/Logo_FactorySE_CMYK_W.jpg 1384w\" sizes=\"100vw\" \/><div class=\"date-event-item\"><\/div><\/div>\n<\/div><div id=\"panel-2607-0-2-1\" class=\"so-panel widget widget_sow-editor panel-last-child\" data-index=\"2\" ><div\n\t\t\t\n\t\t\tclass=\"so-widget-sow-editor so-widget-sow-editor-base\"\n\t\t\t\n\t\t>\n<div class=\"siteorigin-widget-tinymce textwidget\">\n\t<p>4 rue de la Pyramide<br \/>92100 Boulogne Billancourt\u00a0<br \/>T\u00e9l: 01 49 10 29 70<\/p>\n<\/div>\n<\/div><\/div><\/div><div id=\"pgc-2607-0-3\"  class=\"panel-grid-cell panel-grid-cell-empty\" ><\/div><\/div><div id=\"pg-2607-1\"  class=\"panel-grid panel-no-style\" ><div id=\"pgc-2607-1-0\"  class=\"panel-grid-cell panel-grid-cell-empty\" ><\/div><div id=\"pgc-2607-1-1\"  class=\"panel-grid-cell panel-grid-cell-mobile-last\" ><div id=\"panel-2607-1-1-0\" class=\"so-panel widget widget_sow-editor panel-first-child panel-last-child\" data-index=\"3\" ><div\n\t\t\t\n\t\t\tclass=\"so-widget-sow-editor so-widget-sow-editor-base\"\n\t\t\t\n\t\t>\n<div class=\"siteorigin-widget-tinymce textwidget\">\n\t<hr \/>\n<h3>ARTICLE 1 \u2013 INFORMATIONS LEGALES<\/h3>\n<p>En vertu de l\u2019Article 6 de la Loi n\u00b0 2004-575 du 21 juin 2004 pour la confiance dans l\u2019\u00e9conomie num\u00e9rique, il est pr\u00e9cis\u00e9 dans cet article l\u2019identit\u00e9 des diff\u00e9rents intervenants dans le cadre de sa r\u00e9alisation et de son suivi.<\/p>\n<p>Le site FACTORY SPORT &amp; ENTERTAINMENT est \u00e9dit\u00e9 par FACTORY SPORT &amp; ENTERTAINMENT<br \/>ayant son si\u00e8ge social \u00e0 l\u2019adresse suivante : 4 RUE DE LA PYRAMIDE 92100 Boulogne Billancourt, et immatricul\u00e9e au num\u00e9ro suivant : RCS 825225162<br \/>T\u00e9l\u00e9phone : 01 49 10 29 70<br \/>Adresse e-mail : hospitality @ factory-se.com<br \/>Ci-apr\u00e8s \u00ab l\u2019Editeur \u00bb<\/p>\n<p>Le directeur de publication est :<br \/>Patrick CAUJOLLE <br \/>Ci-apr\u00e8s \u00ab Le Directeur de publication \u00bb<\/p>\n<p>Le site FACTORY SPORT &amp; ENTERTAINMENT est h\u00e9berg\u00e9 par : ID2I dont le si\u00e8ge est situ\u00e9 \u00e0 l\u2019adresse suivante : 4, Rue Jean Althen 84000 AVIGNON<br \/>T\u00e9l\u00e9phone : +33 (0) 820 200 305<br \/>Adresse e-mail : n.daire @ id2i.net<\/p>\n<p>Ci apr\u00e8s \u00ab l\u2019H\u00e9bergeur \u00bb<\/p>\n<h3>ARTICLE 2 \u2013 ACCESSIBILITE<\/h3>\n<p>Sont consid\u00e9r\u00e9s comme utilisateurs 24\/24h et 7\/7j, sauf interruption, programm\u00e9 ou non, pour des besoins de maintenance ou en cas de force majeure.<br \/>En cas d\u2019impossibilit\u00e9 d\u2019acc\u00e8s au site, celui-ci s\u2019engage \u00e0 faire son maximum afin d\u2019en r\u00e9tablir l\u2019acc\u00e8s. Le Site ne saurait \u00eatre tenu pour responsable de tout dommage, qu\u2019elle qu\u2019en soit la nature, r\u00e9sultant de son indisponibilit\u00e9.<\/p>\n<h3>ARTICLE 3 \u2013 COLLECTE DE DONNEES ET LOI INFORMATIQUE ET LIBERTES<\/h3>\n<p>Ce site est conforme aux dispositions de la Loi 78-17 du 6 janvier 1978 relative \u00e0 l\u2019informatique, aux fichiers et aux libert\u00e9s. En vertu de celle-ci l\u2019Utilisateur b\u00e9n\u00e9ficie notamment d\u2019un droit d\u2019opposition (art 32 et 38), d\u2019acc\u00e8s (art.38 et 39) et de rectification (art.40) des donn\u00e9es le concernant.<br \/>Pour faire usage de celui-ci, l\u2019Utilisateur doit s\u2019adresser \u00e0 l\u2019Editeur en le contactant \u00e0 l\u2019adresse suivante : FACTORY SE 36 Face Quai Alphonse le Gallo 92100 Boulogne Billancourt<\/p>\n<h3>ARTICLE 4 \u2013 CONTACT<\/h3>\n<p>Pour tout signalement de contenus ou d\u2019activit\u00e9s illicites, l\u2019utilisateur peut contacter l\u2019Editeur \u00e0 l\u2019adresse suivante : hospitality @ factory-se.com, ou par courrier recommand\u00e9 avec accus\u00e9 de r\u00e9ception adress\u00e9 \u00e0 l\u2019Editeur aux coordonn\u00e9es pr\u00e9cis\u00e9es dans les pr\u00e9sentes mentions l\u00e9gales.<\/p>\n<\/div>\n<\/div><\/div><\/div><div id=\"pgc-2607-1-2\"  class=\"panel-grid-cell panel-grid-cell-empty\" ><\/div><\/div><\/div>","protected":false},"excerpt":{"rendered":"<p>4 rue de la Pyramide92100 Boulogne Billancourt\u00a0T\u00e9l: 01 49 10 29 70 ARTICLE 1 \u2013 INFORMATIONS LEGALES En vertu de l\u2019Article 6 de la Loi n\u00b0 2004-575 du 21 juin 2004 pour la confiance dans l\u2019\u00e9conomie num\u00e9rique, il est pr\u00e9cis\u00e9 dans cet article l\u2019identit\u00e9 des diff\u00e9rents intervenants dans le cadre de sa r\u00e9alisation et de &hellip; <\/p>\n<p class=\"link-more\"><a href=\"https:\/\/factory-se.com\/en\/information-utiles\/\" class=\"more-link\">Continuer la lecture<span class=\"screen-reader-text\"> de &laquo;&nbsp;Helpful information&nbsp;&raquo;<\/span><\/a><\/p>\n","protected":false},"author":1,"featured_media":0,"parent":0,"menu_order":0,"comment_status":"closed","ping_status":"closed","template":"","meta":{"inline_featured_image":false},"yoast_head":"<!-- This site is optimized with the Yoast SEO plugin v20.5 - https:\/\/yoast.com\/wordpress\/plugins\/seo\/ -->\n<title>Helpful information - Factory-SE, Hospitalit\u00e9s &amp; Packages VIP Relations Publiques Roland Garros<\/title>\n<meta name=\"description\" content=\"Legal information for Factory\" \/>\n<meta name=\"robots\" content=\"index, follow, max-snippet:-1, max-image-preview:large, max-video-preview:-1\" \/>\n<link rel=\"canonical\" href=\"https:\/\/factory-se.com\/en\/information-utiles\/\" \/>\n<meta property=\"og:locale\" content=\"en_US\" \/>\n<meta property=\"og:type\" content=\"article\" \/>\n<meta property=\"og:title\" content=\"Helpful information - Factory-SE, Hospitalit\u00e9s &amp; Packages VIP Relations Publiques Roland Garros\" \/>\n<meta property=\"og:description\" content=\"Legal information for Factory\" \/>\n<meta property=\"og:url\" content=\"https:\/\/factory-se.com\/en\/information-utiles\/\" \/>\n<meta property=\"og:site_name\" content=\"Factory-SE, Hospitalit\u00e9s &amp; Packages VIP Relations Publiques Roland Garros\" \/>\n<meta property=\"article:modified_time\" content=\"2023-12-12T12:32:23+00:00\" \/>\n<meta name=\"twitter:card\" content=\"summary_large_image\" \/>\n<meta name=\"twitter:label1\" content=\"Est. reading time\" \/>\n\t<meta name=\"twitter:data1\" content=\"2 minutes\" \/>\n<script type=\"application\/ld+json\" class=\"yoast-schema-graph\">{\"@context\":\"https:\/\/schema.org\",\"@graph\":[{\"@type\":\"WebPage\",\"@id\":\"https:\/\/factory-se.com\/en\/information-utiles\/\",\"url\":\"https:\/\/factory-se.com\/en\/information-utiles\/\",\"name\":\"Helpful information - Factory-SE, Hospitalit\u00e9s &amp; Packages VIP Relations Publiques Roland Garros\",\"isPartOf\":{\"@id\":\"https:\/\/factory-se.com\/en\/#website\"},\"datePublished\":\"2017-08-24T15:59:53+00:00\",\"dateModified\":\"2023-12-12T12:32:23+00:00\",\"description\":\"Legal information for Factory\",\"breadcrumb\":{\"@id\":\"https:\/\/factory-se.com\/en\/information-utiles\/#breadcrumb\"},\"inLanguage\":\"en-US\",\"potentialAction\":[{\"@type\":\"ReadAction\",\"target\":[\"https:\/\/factory-se.com\/en\/information-utiles\/\"]}]},{\"@type\":\"BreadcrumbList\",\"@id\":\"https:\/\/factory-se.com\/en\/information-utiles\/#breadcrumb\",\"itemListElement\":[{\"@type\":\"ListItem\",\"position\":1,\"name\":\"Home\",\"item\":\"https:\/\/factory-se.com\/en\/\"},{\"@type\":\"ListItem\",\"position\":2,\"name\":\"Helpful information\"}]},{\"@type\":\"WebSite\",\"@id\":\"https:\/\/factory-se.com\/en\/#website\",\"url\":\"https:\/\/factory-se.com\/en\/\",\"name\":\"Factory-SE, Hospitalit\u00e9s &amp; Packages VIP Relations Publiques Roland Garros\",\"description\":\"\",\"publisher\":{\"@id\":\"https:\/\/factory-se.com\/en\/#organization\"},\"potentialAction\":[{\"@type\":\"SearchAction\",\"target\":{\"@type\":\"EntryPoint\",\"urlTemplate\":\"https:\/\/factory-se.com\/en\/?s={search_term_string}\"},\"query-input\":\"required name=search_term_string\"}],\"inLanguage\":\"en-US\"},{\"@type\":\"Organization\",\"@id\":\"https:\/\/factory-se.com\/en\/#organization\",\"name\":\"Factory SE\",\"url\":\"https:\/\/factory-se.com\/en\/\",\"logo\":{\"@type\":\"ImageObject\",\"inLanguage\":\"en-US\",\"@id\":\"https:\/\/factory-se.com\/en\/#\/schema\/logo\/image\/\",\"url\":\"https:\/\/factory-se.com\/wp-content\/uploads\/2017\/08\/LOGO-FA.png\",\"contentUrl\":\"https:\/\/factory-se.com\/wp-content\/uploads\/2017\/08\/LOGO-FA.png\",\"width\":299,\"height\":88,\"caption\":\"Factory SE\"},\"image\":{\"@id\":\"https:\/\/factory-se.com\/en\/#\/schema\/logo\/image\/\"}}]}<\/script>\n<!-- \/ Yoast SEO plugin. -->","yoast_head_json":{"title":"Helpful information - Factory-SE, Hospitalit\u00e9s &amp; Packages VIP Relations Publiques Roland Garros","description":"Legal information for Factory","robots":{"index":"index","follow":"follow","max-snippet":"max-snippet:-1","max-image-preview":"max-image-preview:large","max-video-preview":"max-video-preview:-1"},"canonical":"https:\/\/factory-se.com\/en\/information-utiles\/","og_locale":"en_US","og_type":"article","og_title":"Helpful information - Factory-SE, Hospitalit\u00e9s &amp; Packages VIP Relations Publiques Roland Garros","og_description":"Legal information for Factory","og_url":"https:\/\/factory-se.com\/en\/information-utiles\/","og_site_name":"Factory-SE, Hospitalit\u00e9s &amp; Packages VIP Relations Publiques Roland Garros","article_modified_time":"2023-12-12T12:32:23+00:00","twitter_card":"summary_large_image","twitter_misc":{"Est. reading time":"2 minutes"},"schema":{"@context":"https:\/\/schema.org","@graph":[{"@type":"WebPage","@id":"https:\/\/factory-se.com\/en\/information-utiles\/","url":"https:\/\/factory-se.com\/en\/information-utiles\/","name":"Helpful information - Factory-SE, Hospitalit\u00e9s &amp; Packages VIP Relations Publiques Roland Garros","isPartOf":{"@id":"https:\/\/factory-se.com\/en\/#website"},"datePublished":"2017-08-24T15:59:53+00:00","dateModified":"2023-12-12T12:32:23+00:00","description":"Legal information for Factory","breadcrumb":{"@id":"https:\/\/factory-se.com\/en\/information-utiles\/#breadcrumb"},"inLanguage":"en-US","potentialAction":[{"@type":"ReadAction","target":["https:\/\/factory-se.com\/en\/information-utiles\/"]}]},{"@type":"BreadcrumbList","@id":"https:\/\/factory-se.com\/en\/information-utiles\/#breadcrumb","itemListElement":[{"@type":"ListItem","position":1,"name":"Home","item":"https:\/\/factory-se.com\/en\/"},{"@type":"ListItem","position":2,"name":"Helpful information"}]},{"@type":"WebSite","@id":"https:\/\/factory-se.com\/en\/#website","url":"https:\/\/factory-se.com\/en\/","name":"Factory-SE, Hospitalit\u00e9s &amp; Packages VIP Relations Publiques Roland Garros","description":"","publisher":{"@id":"https:\/\/factory-se.com\/en\/#organization"},"potentialAction":[{"@type":"SearchAction","target":{"@type":"EntryPoint","urlTemplate":"https:\/\/factory-se.com\/en\/?s={search_term_string}"},"query-input":"required name=search_term_string"}],"inLanguage":"en-US"},{"@type":"Organization","@id":"https:\/\/factory-se.com\/en\/#organization","name":"Factory SE","url":"https:\/\/factory-se.com\/en\/","logo":{"@type":"ImageObject","inLanguage":"en-US","@id":"https:\/\/factory-se.com\/en\/#\/schema\/logo\/image\/","url":"https:\/\/factory-se.com\/wp-content\/uploads\/2017\/08\/LOGO-FA.png","contentUrl":"https:\/\/factory-se.com\/wp-content\/uploads\/2017\/08\/LOGO-FA.png","width":299,"height":88,"caption":"Factory SE"},"image":{"@id":"https:\/\/factory-se.com\/en\/#\/schema\/logo\/image\/"}}]}},"_links":{"self":[{"href":"https:\/\/factory-se.com\/en\/wp-json\/wp\/v2\/pages\/2607"}],"collection":[{"href":"https:\/\/factory-se.com\/en\/wp-json\/wp\/v2\/pages"}],"about":[{"href":"https:\/\/factory-se.com\/en\/wp-json\/wp\/v2\/types\/page"}],"author":[{"embeddable":true,"href":"https:\/\/factory-se.com\/en\/wp-json\/wp\/v2\/users\/1"}],"replies":[{"embeddable":true,"href":"https:\/\/factory-se.com\/en\/wp-json\/wp\/v2\/comments?post=2607"}],"version-history":[{"count":10,"href":"https:\/\/factory-se.com\/en\/wp-json\/wp\/v2\/pages\/2607\/revisions"}],"predecessor-version":[{"id":10095,"href":"https:\/\/factory-se.com\/en\/wp-json\/wp\/v2\/pages\/2607\/revisions\/10095"}],"wp:attachment":[{"href":"https:\/\/factory-se.com\/en\/wp-json\/wp\/v2\/media?parent=2607"}],"curies":[{"name":"wp","href":"https:\/\/api.w.org\/{rel}","templated":true}]}}