{"id":2524,"date":"2017-08-24T16:10:51","date_gmt":"2017-08-24T14:10:51","guid":{"rendered":"https:\/\/factory-se.com\/compliance\/?lang=en"},"modified":"2021-02-23T15:01:36","modified_gmt":"2021-02-23T14:01:36","slug":"compliance","status":"publish","type":"page","link":"https:\/\/factory-se.com\/en\/compliance\/","title":{"rendered":"COMPLIANCE"},"content":{"rendered":"<div id=\"pl-2524\"  class=\"panel-layout\" ><div id=\"pg-2524-0\"  class=\"panel-grid panel-no-style\" ><div id=\"pgc-2524-0-0\"  class=\"panel-grid-cell panel-grid-cell-empty\" ><\/div><div id=\"pgc-2524-0-1\"  class=\"panel-grid-cell panel-grid-cell-mobile-last\" ><div id=\"panel-2524-0-1-0\" class=\"so-panel widget widget_sow-editor panel-first-child panel-last-child\" data-index=\"0\" ><div class=\"text-justify panel-widget-style panel-widget-style-for-2524-0-1-0\" ><div\n\t\t\t\n\t\t\tclass=\"so-widget-sow-editor so-widget-sow-editor-base\"\n\t\t\t\n\t\t>\n<div class=\"siteorigin-widget-tinymce textwidget\">\n\t<h2 style=\"text-align: center;\">COMPLIANCE ET RESPECT DE LA CONFORMIT\u00c9<\/h2>\n<h2 style=\"text-align: center;\"><img class=\"alignnone size-medium wp-image-1945\" src=\"https:\/\/factory-se.com\/wp-content\/uploads\/2017\/08\/image006-copie-640x209.png\" alt=\"clef compliance horizontale\" width=\"640\" height=\"209\" srcset=\"https:\/\/factory-se.com\/wp-content\/uploads\/2017\/08\/image006-copie-640x209.png 640w, https:\/\/factory-se.com\/wp-content\/uploads\/2017\/08\/image006-copie-350x114.png 350w, https:\/\/factory-se.com\/wp-content\/uploads\/2017\/08\/image006-copie.png 720w\" sizes=\"(max-width: 640px) 100vw, 640px\" \/><\/h2>\n<p><i>\u00abLes relations publiques cherchent \u00e0 forger une r\u00e9putation\u00a0 et ont pour objectif de gagner compr\u00e9hension et soutien, et d\u2019influencer les opinions et comportements, en visant constamment \u00e0 cr\u00e9er et \u00e0 pr\u00e9server une relation de bienveillance et de compr\u00e9hension mutuelle entre une organisation et ses publics.\u00bb<\/i><\/p>\n<p style=\"text-align: right;\">Chartered Institute of Public Relations CIPR<\/p>\n<h2 style=\"text-align: center;\">\u00a0COMPLIANCE, RESPECT DE LA CONFORMIT\u00c9<br \/> ET RELATIONS PUBLIQUES<\/h2>\n<p>\u00ab\u00a0Cr\u00e9er et maintenir confiance et adh\u00e9sion en l\u2019organisation, l\u2019entreprise, est le premier et principal devoir de la communication d\u2019entreprise\u00a0\u00bb<\/p>\n<p>Ce n\u2019est qu\u2019\u00e0 cette condition que l\u2019organisation, l\u2019entreprise, atteindra ses objectifs (de r\u00e9putation, de vente\u2026) \u00e0 moyen et long terme. La communication exerce donc une v\u00e9ritable fonction strat\u00e9gique. Pour r\u00e9ussir, l\u2019organisation, l\u2019entreprise, doit avant tout communiquer (pour \u00eatre plus connue, pour \u00eatre plus visible, pour \u00eatre plus audible que les autres et pour vendre plus que les autres ou mieux que les autres.)<\/p>\n<p>Parmi les outils de la communication \u00e0 sa disposition, l\u2019organisation, l\u2019entreprise dispose notamment de l\u2019outil \u00ab\u00a0<b>relations publiques<\/b>\u00a0\u00bb.<\/p>\n<p>Afin de ne pas se trouver en opposition avec le code de compliance dans lequel une entreprise s\u2019est engag\u00e9e avec elle-m\u00eame, avec ses clients ou fournisseurs, il est primordial d\u2019anticiper les situations en \u00e9vitant ainsi d\u2019engager des actions de relations publiques contraires au code \u00e9thique pos\u00e9. Et de se retrouver en opposition avec les codes de conduite qu\u2019elle a \u00e9dict\u00e9e et ou accept\u00e9e.<\/p>\n<p>Pour cela\u00a0en cas de doute :<\/p>\n<ul>\n<li>Nous sommes comp\u00e9tents dans notre domaine.<\/li>\n<li>Nous \u00e9tudions vos besoins de communiquer.<\/li>\n<li>Nous faisons preuve de bon sens.<\/li>\n<li>Nous fournissons des conseils explicites, r\u00e9fl\u00e9chis, honn\u00eates et transparents.<\/li>\n<li>Nous vous informons pour vous permettre de prendre les d\u00e9cisions en toute connaissance de cause.<\/li>\n<li>Nous mettons en place les moyens qui transformeront une op\u00e9ration de relations publiques \u00e9thiquement non conforme en un symposium, une conf\u00e9rence, une session de formation \u00e9thiquement conforme.<\/li>\n<li>Nous vous proposerons th\u00e9matiques et intervenants si c\u2019est n\u00e9cessaire.<\/li>\n<\/ul>\n<p>Ceci s\u2019adressera notamment aux secteurs financiers, pharmaceutiques ou \u00e9nerg\u00e9tiques. Ainsi que tous secteurs au contact avec la sph\u00e8re publique.<\/p>\n<p>Factory SE a d\u00e9velopp\u00e9 une expertise dans les domaines de l\u2019Ev\u00e8nementiel sportif et culturel du conseil en communication\u00a0par le sport et du\u00a0training, de la formation professionnelle par le sport et de l\u2019\u00e9v\u00e8nementiel sur mesure hors sport.<\/p>\n<p>Vous n\u2019\u00eates donc plus en droit de vous refuser <u>\u00e0 priori <\/u>la pr\u00e9sence de votre organisation, de votre entreprise avec vos partenaires (clients, fournisseurs ou influenceurs) sur des \u00e9v\u00e8nements comme Roland Garros, le tournoi des 6 nations ou une coupe du monde de football. Tout est question d\u2019organisation et de mesure.<\/p>\n<p>\u00a0<\/p>\n<p>Vincent PAOLINI<br \/> Associ\u00e9 Factory SE<\/p>\n<\/div>\n<\/div><\/div><\/div><\/div><div id=\"pgc-2524-0-2\"  class=\"panel-grid-cell panel-grid-cell-empty\" ><\/div><\/div><\/div>","protected":false},"excerpt":{"rendered":"<p>COMPLIANCE ET RESPECT DE LA CONFORMIT\u00c9 \u00abLes relations publiques cherchent \u00e0 forger une r\u00e9putation\u00a0 et ont pour objectif de gagner compr\u00e9hension et soutien, et d\u2019influencer les opinions et comportements, en visant constamment \u00e0 cr\u00e9er et \u00e0 pr\u00e9server une relation de bienveillance et de compr\u00e9hension mutuelle entre une organisation et ses publics.\u00bb Chartered Institute of Public &hellip; <\/p>\n<p class=\"link-more\"><a href=\"https:\/\/factory-se.com\/en\/compliance\/\" class=\"more-link\">Continuer la lecture<span class=\"screen-reader-text\"> de &laquo;&nbsp;COMPLIANCE&nbsp;&raquo;<\/span><\/a><\/p>\n","protected":false},"author":1,"featured_media":0,"parent":0,"menu_order":0,"comment_status":"closed","ping_status":"closed","template":"page-philosophie.php","meta":{"inline_featured_image":false},"yoast_head":"<!-- This site is optimized with the Yoast SEO plugin v20.5 - https:\/\/yoast.com\/wordpress\/plugins\/seo\/ -->\n<title>Compliance, hospitality &amp; public relation Roland-Garros<\/title>\n<meta name=\"description\" content=\"Compliance Factory-SE\" \/>\n<meta name=\"robots\" content=\"index, follow, max-snippet:-1, max-image-preview:large, max-video-preview:-1\" \/>\n<link rel=\"canonical\" href=\"https:\/\/factory-se.com\/en\/compliance\/\" \/>\n<meta property=\"og:locale\" content=\"en_US\" \/>\n<meta property=\"og:type\" content=\"article\" \/>\n<meta property=\"og:title\" content=\"Compliance, hospitality &amp; public relation Roland-Garros\" \/>\n<meta property=\"og:description\" content=\"Compliance Factory-SE\" \/>\n<meta property=\"og:url\" content=\"https:\/\/factory-se.com\/en\/compliance\/\" \/>\n<meta property=\"og:site_name\" content=\"Factory-SE, Hospitalit\u00e9s &amp; Packages VIP Relations Publiques Roland Garros\" \/>\n<meta property=\"article:modified_time\" content=\"2021-02-23T14:01:36+00:00\" \/>\n<meta property=\"og:image\" content=\"https:\/\/factory-se.com\/wp-content\/uploads\/2017\/08\/image006-copie-640x209.png\" \/>\n<meta name=\"twitter:card\" content=\"summary_large_image\" \/>\n<meta name=\"twitter:label1\" content=\"Est. reading time\" \/>\n\t<meta name=\"twitter:data1\" content=\"2 minutes\" \/>\n<script type=\"application\/ld+json\" class=\"yoast-schema-graph\">{\"@context\":\"https:\/\/schema.org\",\"@graph\":[{\"@type\":\"WebPage\",\"@id\":\"https:\/\/factory-se.com\/en\/compliance\/\",\"url\":\"https:\/\/factory-se.com\/en\/compliance\/\",\"name\":\"Compliance, hospitality & public relation Roland-Garros\",\"isPartOf\":{\"@id\":\"https:\/\/factory-se.com\/en\/#website\"},\"datePublished\":\"2017-08-24T14:10:51+00:00\",\"dateModified\":\"2021-02-23T14:01:36+00:00\",\"description\":\"Compliance Factory-SE\",\"breadcrumb\":{\"@id\":\"https:\/\/factory-se.com\/en\/compliance\/#breadcrumb\"},\"inLanguage\":\"en-US\",\"potentialAction\":[{\"@type\":\"ReadAction\",\"target\":[\"https:\/\/factory-se.com\/en\/compliance\/\"]}]},{\"@type\":\"BreadcrumbList\",\"@id\":\"https:\/\/factory-se.com\/en\/compliance\/#breadcrumb\",\"itemListElement\":[{\"@type\":\"ListItem\",\"position\":1,\"name\":\"Home\",\"item\":\"https:\/\/factory-se.com\/en\/\"},{\"@type\":\"ListItem\",\"position\":2,\"name\":\"COMPLIANCE\"}]},{\"@type\":\"WebSite\",\"@id\":\"https:\/\/factory-se.com\/en\/#website\",\"url\":\"https:\/\/factory-se.com\/en\/\",\"name\":\"Factory-SE, Hospitalit\u00e9s &amp; Packages VIP Relations Publiques Roland Garros\",\"description\":\"\",\"publisher\":{\"@id\":\"https:\/\/factory-se.com\/en\/#organization\"},\"potentialAction\":[{\"@type\":\"SearchAction\",\"target\":{\"@type\":\"EntryPoint\",\"urlTemplate\":\"https:\/\/factory-se.com\/en\/?s={search_term_string}\"},\"query-input\":\"required name=search_term_string\"}],\"inLanguage\":\"en-US\"},{\"@type\":\"Organization\",\"@id\":\"https:\/\/factory-se.com\/en\/#organization\",\"name\":\"Factory SE\",\"url\":\"https:\/\/factory-se.com\/en\/\",\"logo\":{\"@type\":\"ImageObject\",\"inLanguage\":\"en-US\",\"@id\":\"https:\/\/factory-se.com\/en\/#\/schema\/logo\/image\/\",\"url\":\"https:\/\/factory-se.com\/wp-content\/uploads\/2017\/08\/LOGO-FA.png\",\"contentUrl\":\"https:\/\/factory-se.com\/wp-content\/uploads\/2017\/08\/LOGO-FA.png\",\"width\":299,\"height\":88,\"caption\":\"Factory SE\"},\"image\":{\"@id\":\"https:\/\/factory-se.com\/en\/#\/schema\/logo\/image\/\"}}]}<\/script>\n<!-- \/ Yoast SEO plugin. -->","yoast_head_json":{"title":"Compliance, hospitality & public relation Roland-Garros","description":"Compliance Factory-SE","robots":{"index":"index","follow":"follow","max-snippet":"max-snippet:-1","max-image-preview":"max-image-preview:large","max-video-preview":"max-video-preview:-1"},"canonical":"https:\/\/factory-se.com\/en\/compliance\/","og_locale":"en_US","og_type":"article","og_title":"Compliance, hospitality & public relation Roland-Garros","og_description":"Compliance Factory-SE","og_url":"https:\/\/factory-se.com\/en\/compliance\/","og_site_name":"Factory-SE, Hospitalit\u00e9s &amp; Packages VIP Relations Publiques Roland Garros","article_modified_time":"2021-02-23T14:01:36+00:00","og_image":[{"url":"https:\/\/factory-se.com\/wp-content\/uploads\/2017\/08\/image006-copie-640x209.png"}],"twitter_card":"summary_large_image","twitter_misc":{"Est. reading time":"2 minutes"},"schema":{"@context":"https:\/\/schema.org","@graph":[{"@type":"WebPage","@id":"https:\/\/factory-se.com\/en\/compliance\/","url":"https:\/\/factory-se.com\/en\/compliance\/","name":"Compliance, hospitality & public relation Roland-Garros","isPartOf":{"@id":"https:\/\/factory-se.com\/en\/#website"},"datePublished":"2017-08-24T14:10:51+00:00","dateModified":"2021-02-23T14:01:36+00:00","description":"Compliance Factory-SE","breadcrumb":{"@id":"https:\/\/factory-se.com\/en\/compliance\/#breadcrumb"},"inLanguage":"en-US","potentialAction":[{"@type":"ReadAction","target":["https:\/\/factory-se.com\/en\/compliance\/"]}]},{"@type":"BreadcrumbList","@id":"https:\/\/factory-se.com\/en\/compliance\/#breadcrumb","itemListElement":[{"@type":"ListItem","position":1,"name":"Home","item":"https:\/\/factory-se.com\/en\/"},{"@type":"ListItem","position":2,"name":"COMPLIANCE"}]},{"@type":"WebSite","@id":"https:\/\/factory-se.com\/en\/#website","url":"https:\/\/factory-se.com\/en\/","name":"Factory-SE, Hospitalit\u00e9s &amp; Packages VIP Relations Publiques Roland Garros","description":"","publisher":{"@id":"https:\/\/factory-se.com\/en\/#organization"},"potentialAction":[{"@type":"SearchAction","target":{"@type":"EntryPoint","urlTemplate":"https:\/\/factory-se.com\/en\/?s={search_term_string}"},"query-input":"required name=search_term_string"}],"inLanguage":"en-US"},{"@type":"Organization","@id":"https:\/\/factory-se.com\/en\/#organization","name":"Factory SE","url":"https:\/\/factory-se.com\/en\/","logo":{"@type":"ImageObject","inLanguage":"en-US","@id":"https:\/\/factory-se.com\/en\/#\/schema\/logo\/image\/","url":"https:\/\/factory-se.com\/wp-content\/uploads\/2017\/08\/LOGO-FA.png","contentUrl":"https:\/\/factory-se.com\/wp-content\/uploads\/2017\/08\/LOGO-FA.png","width":299,"height":88,"caption":"Factory SE"},"image":{"@id":"https:\/\/factory-se.com\/en\/#\/schema\/logo\/image\/"}}]}},"_links":{"self":[{"href":"https:\/\/factory-se.com\/en\/wp-json\/wp\/v2\/pages\/2524"}],"collection":[{"href":"https:\/\/factory-se.com\/en\/wp-json\/wp\/v2\/pages"}],"about":[{"href":"https:\/\/factory-se.com\/en\/wp-json\/wp\/v2\/types\/page"}],"author":[{"embeddable":true,"href":"https:\/\/factory-se.com\/en\/wp-json\/wp\/v2\/users\/1"}],"replies":[{"embeddable":true,"href":"https:\/\/factory-se.com\/en\/wp-json\/wp\/v2\/comments?post=2524"}],"version-history":[{"count":16,"href":"https:\/\/factory-se.com\/en\/wp-json\/wp\/v2\/pages\/2524\/revisions"}],"predecessor-version":[{"id":5463,"href":"https:\/\/factory-se.com\/en\/wp-json\/wp\/v2\/pages\/2524\/revisions\/5463"}],"wp:attachment":[{"href":"https:\/\/factory-se.com\/en\/wp-json\/wp\/v2\/media?parent=2524"}],"curies":[{"name":"wp","href":"https:\/\/api.w.org\/{rel}","templated":true}]}}