{"id":12771,"date":"2025-04-02T21:09:18","date_gmt":"2025-04-02T19:09:18","guid":{"rendered":"https:\/\/factory-se.com\/?page_id=12771"},"modified":"2025-04-02T22:05:18","modified_gmt":"2025-04-02T20:05:18","slug":"precommande","status":"publish","type":"page","link":"https:\/\/factory-se.com\/en\/precommande\/","title":{"rendered":"Pr\u00e9commande automatique"},"content":{"rendered":"<p><script>\ndocument.addEventListener(\"DOMContentLoaded\", function () {\n    const urlParams = new URLSearchParams(window.location.search);\n    const qtyInputs = document.querySelectorAll('input.extra-qty-box.etp');<\/p>\n<p>    let hasChange = false;<\/p>\n<p>    for (let i = 0; i < qtyInputs.length; i++) {\n        const paramKey = 'qty_' + i;\n        if (urlParams.has(paramKey)) {\n            const val = parseInt(urlParams.get(paramKey));\n            if (!isNaN(val) &#038;&#038; val > 0) {\n                qtyInputs[i].value = val;\n                qtyInputs[i].dispatchEvent(new Event('change'));\n                hasChange = true;\n            }\n        }\n    }<\/p>\n<p>    \/\/ Simule le clic sur le bouton si des quantit\u00e9s ont \u00e9t\u00e9 d\u00e9finies\n    if (hasChange) {\n        const addBtn = document.querySelector(\"#mage_event_submit button[type='submit']\");\n        if (addBtn) {\n            setTimeout(() => {\n                addBtn.click();\n            }, 300); \/\/ attendre que les champs soient bien remplis\n        }\n    }\n});\n<\/script><\/p>\n","protected":false},"excerpt":{"rendered":"","protected":false},"author":1,"featured_media":0,"parent":0,"menu_order":0,"comment_status":"closed","ping_status":"closed","template":"","meta":{"inline_featured_image":false},"yoast_head":"<!-- This site is optimized with the Yoast SEO plugin v20.5 - https:\/\/yoast.com\/wordpress\/plugins\/seo\/ -->\n<title>Pr\u00e9commande automatique - Factory-SE, Hospitalit\u00e9s &amp; Packages VIP Relations Publiques Roland Garros<\/title>\n<meta name=\"robots\" content=\"index, follow, max-snippet:-1, max-image-preview:large, max-video-preview:-1\" \/>\n<link rel=\"canonical\" href=\"https:\/\/factory-se.com\/en\/precommande\/\" \/>\n<meta property=\"og:locale\" content=\"en_US\" \/>\n<meta property=\"og:type\" content=\"article\" \/>\n<meta property=\"og:title\" content=\"Pr\u00e9commande automatique - Factory-SE, Hospitalit\u00e9s &amp; Packages VIP Relations Publiques Roland Garros\" \/>\n<meta property=\"og:url\" content=\"https:\/\/factory-se.com\/en\/precommande\/\" \/>\n<meta property=\"og:site_name\" content=\"Factory-SE, Hospitalit\u00e9s &amp; Packages VIP Relations Publiques Roland Garros\" \/>\n<meta property=\"article:modified_time\" content=\"2025-04-02T20:05:18+00:00\" \/>\n<meta name=\"twitter:card\" content=\"summary_large_image\" \/>\n<meta name=\"twitter:label1\" content=\"Est. reading time\" \/>\n\t<meta name=\"twitter:data1\" content=\"1 minute\" \/>\n<script type=\"application\/ld+json\" class=\"yoast-schema-graph\">{\"@context\":\"https:\/\/schema.org\",\"@graph\":[{\"@type\":\"WebPage\",\"@id\":\"https:\/\/factory-se.com\/en\/precommande\/\",\"url\":\"https:\/\/factory-se.com\/en\/precommande\/\",\"name\":\"Pr\u00e9commande automatique - Factory-SE, Hospitalit\u00e9s &amp; Packages VIP Relations Publiques Roland Garros\",\"isPartOf\":{\"@id\":\"https:\/\/factory-se.com\/en\/#website\"},\"datePublished\":\"2025-04-02T19:09:18+00:00\",\"dateModified\":\"2025-04-02T20:05:18+00:00\",\"breadcrumb\":{\"@id\":\"https:\/\/factory-se.com\/en\/precommande\/#breadcrumb\"},\"inLanguage\":\"en-US\",\"potentialAction\":[{\"@type\":\"ReadAction\",\"target\":[\"https:\/\/factory-se.com\/en\/precommande\/\"]}]},{\"@type\":\"BreadcrumbList\",\"@id\":\"https:\/\/factory-se.com\/en\/precommande\/#breadcrumb\",\"itemListElement\":[{\"@type\":\"ListItem\",\"position\":1,\"name\":\"Home\",\"item\":\"https:\/\/factory-se.com\/en\/\"},{\"@type\":\"ListItem\",\"position\":2,\"name\":\"Pr\u00e9commande automatique\"}]},{\"@type\":\"WebSite\",\"@id\":\"https:\/\/factory-se.com\/en\/#website\",\"url\":\"https:\/\/factory-se.com\/en\/\",\"name\":\"Factory-SE, Hospitalit\u00e9s &amp; Packages VIP Relations Publiques Roland Garros\",\"description\":\"\",\"publisher\":{\"@id\":\"https:\/\/factory-se.com\/en\/#organization\"},\"potentialAction\":[{\"@type\":\"SearchAction\",\"target\":{\"@type\":\"EntryPoint\",\"urlTemplate\":\"https:\/\/factory-se.com\/en\/?s={search_term_string}\"},\"query-input\":\"required name=search_term_string\"}],\"inLanguage\":\"en-US\"},{\"@type\":\"Organization\",\"@id\":\"https:\/\/factory-se.com\/en\/#organization\",\"name\":\"Factory SE\",\"url\":\"https:\/\/factory-se.com\/en\/\",\"logo\":{\"@type\":\"ImageObject\",\"inLanguage\":\"en-US\",\"@id\":\"https:\/\/factory-se.com\/en\/#\/schema\/logo\/image\/\",\"url\":\"https:\/\/factory-se.com\/wp-content\/uploads\/2017\/08\/LOGO-FA.png\",\"contentUrl\":\"https:\/\/factory-se.com\/wp-content\/uploads\/2017\/08\/LOGO-FA.png\",\"width\":299,\"height\":88,\"caption\":\"Factory SE\"},\"image\":{\"@id\":\"https:\/\/factory-se.com\/en\/#\/schema\/logo\/image\/\"}}]}<\/script>\n<!-- \/ Yoast SEO plugin. -->","yoast_head_json":{"title":"Pr\u00e9commande automatique - Factory-SE, Hospitalit\u00e9s &amp; Packages VIP Relations Publiques Roland Garros","robots":{"index":"index","follow":"follow","max-snippet":"max-snippet:-1","max-image-preview":"max-image-preview:large","max-video-preview":"max-video-preview:-1"},"canonical":"https:\/\/factory-se.com\/en\/precommande\/","og_locale":"en_US","og_type":"article","og_title":"Pr\u00e9commande automatique - Factory-SE, Hospitalit\u00e9s &amp; Packages VIP Relations Publiques Roland Garros","og_url":"https:\/\/factory-se.com\/en\/precommande\/","og_site_name":"Factory-SE, Hospitalit\u00e9s &amp; Packages VIP Relations Publiques Roland Garros","article_modified_time":"2025-04-02T20:05:18+00:00","twitter_card":"summary_large_image","twitter_misc":{"Est. reading time":"1 minute"},"schema":{"@context":"https:\/\/schema.org","@graph":[{"@type":"WebPage","@id":"https:\/\/factory-se.com\/en\/precommande\/","url":"https:\/\/factory-se.com\/en\/precommande\/","name":"Pr\u00e9commande automatique - Factory-SE, Hospitalit\u00e9s &amp; Packages VIP Relations Publiques Roland Garros","isPartOf":{"@id":"https:\/\/factory-se.com\/en\/#website"},"datePublished":"2025-04-02T19:09:18+00:00","dateModified":"2025-04-02T20:05:18+00:00","breadcrumb":{"@id":"https:\/\/factory-se.com\/en\/precommande\/#breadcrumb"},"inLanguage":"en-US","potentialAction":[{"@type":"ReadAction","target":["https:\/\/factory-se.com\/en\/precommande\/"]}]},{"@type":"BreadcrumbList","@id":"https:\/\/factory-se.com\/en\/precommande\/#breadcrumb","itemListElement":[{"@type":"ListItem","position":1,"name":"Home","item":"https:\/\/factory-se.com\/en\/"},{"@type":"ListItem","position":2,"name":"Pr\u00e9commande automatique"}]},{"@type":"WebSite","@id":"https:\/\/factory-se.com\/en\/#website","url":"https:\/\/factory-se.com\/en\/","name":"Factory-SE, Hospitalit\u00e9s &amp; Packages VIP Relations Publiques Roland Garros","description":"","publisher":{"@id":"https:\/\/factory-se.com\/en\/#organization"},"potentialAction":[{"@type":"SearchAction","target":{"@type":"EntryPoint","urlTemplate":"https:\/\/factory-se.com\/en\/?s={search_term_string}"},"query-input":"required name=search_term_string"}],"inLanguage":"en-US"},{"@type":"Organization","@id":"https:\/\/factory-se.com\/en\/#organization","name":"Factory SE","url":"https:\/\/factory-se.com\/en\/","logo":{"@type":"ImageObject","inLanguage":"en-US","@id":"https:\/\/factory-se.com\/en\/#\/schema\/logo\/image\/","url":"https:\/\/factory-se.com\/wp-content\/uploads\/2017\/08\/LOGO-FA.png","contentUrl":"https:\/\/factory-se.com\/wp-content\/uploads\/2017\/08\/LOGO-FA.png","width":299,"height":88,"caption":"Factory SE"},"image":{"@id":"https:\/\/factory-se.com\/en\/#\/schema\/logo\/image\/"}}]}},"_links":{"self":[{"href":"https:\/\/factory-se.com\/en\/wp-json\/wp\/v2\/pages\/12771"}],"collection":[{"href":"https:\/\/factory-se.com\/en\/wp-json\/wp\/v2\/pages"}],"about":[{"href":"https:\/\/factory-se.com\/en\/wp-json\/wp\/v2\/types\/page"}],"author":[{"embeddable":true,"href":"https:\/\/factory-se.com\/en\/wp-json\/wp\/v2\/users\/1"}],"replies":[{"embeddable":true,"href":"https:\/\/factory-se.com\/en\/wp-json\/wp\/v2\/comments?post=12771"}],"version-history":[{"count":10,"href":"https:\/\/factory-se.com\/en\/wp-json\/wp\/v2\/pages\/12771\/revisions"}],"predecessor-version":[{"id":12784,"href":"https:\/\/factory-se.com\/en\/wp-json\/wp\/v2\/pages\/12771\/revisions\/12784"}],"wp:attachment":[{"href":"https:\/\/factory-se.com\/en\/wp-json\/wp\/v2\/media?parent=12771"}],"curies":[{"name":"wp","href":"https:\/\/api.w.org\/{rel}","templated":true}]}}